{"id":900,"date":"2025-08-03T20:54:02","date_gmt":"2025-08-03T17:54:02","guid":{"rendered":"https:\/\/estevezparra.com\/about\/"},"modified":"2025-08-04T08:09:08","modified_gmt":"2025-08-04T05:09:08","slug":"about","status":"publish","type":"page","link":"https:\/\/estevezparra.com\/es\/about\/","title":{"rendered":"Sobre nosotros"},"content":{"rendered":"<div class=\"wp-block-uagb-container uagb-layout-grid uagb-block-d4a7d658 alignfull uagb-is-root-container\"><div class=\"uagb-container-inner-blocks-wrap\">\n<div class=\"wp-block-uagb-advanced-heading uagb-block-b6c0d6d8\"><h1 class=\"uagb-heading-text\">Sobre nosotros<\/h1><p class=\"uagb-desc-text\"><br>En Estevez &amp; Parra somos un equipo internacional de abogados dedicados a ayudar a particulares y empresas a prosperar en Espa\u00f1a. Con asesoramiento legal experto, apoyo multiling\u00fce y un profundo conocimiento de los retos transfronterizos, ofrecemos claridad, confianza y resultados.<\/p><\/div>\n\n\n\n<div class=\"wp-block-uagb-image uagb-block-87439ce5 wp-block-uagb-image--layout-default wp-block-uagb-image--effect-static wp-block-uagb-image--align-none\"><figure class=\"wp-block-uagb-image__figure\"><img decoding=\"async\" srcset=\"https:\/\/estevezparra.com\/wp-content\/uploads\/2025\/08\/pexels-photo-7876051-1024x682.jpeg ,https:\/\/estevezparra.com\/wp-content\/uploads\/2025\/08\/pexels-photo-7876051.jpeg 780w, https:\/\/estevezparra.com\/wp-content\/uploads\/2025\/08\/pexels-photo-7876051.jpeg 360w\" sizes=\"auto, (max-width: 480px) 150px\" src=\"https:\/\/estevezparra.com\/wp-content\/uploads\/2025\/08\/pexels-photo-7876051-1024x682.jpeg\" alt=\"Three adults discussing divorce documents in a formal office setting with legal statue in view.\" class=\"uag-image-8\" width=\"460\" height=\"460\" title=\"pexels-photo-7876051\" loading=\"lazy\" role=\"img\"\/><\/figure><\/div>\n<\/div><\/div>\n\n\n\n<div class=\"wp-block-uagb-container uagb-block-24ed4e6a alignfull uagb-is-root-container\"><div class=\"uagb-container-inner-blocks-wrap\">\n<div class=\"wp-block-uagb-info-box uagb-block-059874bc uagb-infobox__content-wrap  uagb-infobox-icon-above-title uagb-infobox-image-valign-top wp-block-uagb-info-box--has-margin\"><div class=\"uagb-infobox-margin-wrapper\"><div class=\"uagb-ifb-content\"><div class=\"uagb-ifb-title-wrap\"><p class=\"uagb-ifb-title-prefix\">Nuestra historia<\/p><h2 class=\"uagb-ifb-title\">Descubra nuestra especialidad<\/h2><\/div><\/div><\/div><\/div>\n\n\n\n<div class=\"wp-block-uagb-advanced-heading uagb-block-39c312cc\"><p class=\"uagb-desc-text\">Est\u00e9vez &amp; Parra se fund\u00f3 para atender las necesidades de clientes nacionales y extranjeros en Espa\u00f1a, con la convicci\u00f3n de que los servicios legales deben ser claros, estrat\u00e9gicos y culturalmente accesibles.\nCon un profundo conocimiento del derecho espa\u00f1ol e internacional, ofrecemos soluciones legales personalizadas que eliminan la complejidad y protegen los intereses de nuestros clientes, ya sea que se est\u00e9n trasladando, invirtiendo o expandiendo m\u00e1s all\u00e1 de sus fronteras.<\/p><\/div>\n<\/div><\/div>\n\n\n\n<div class=\"wp-block-uagb-container uagb-block-2fef85bb alignfull uagb-is-root-container\"><div class=\"uagb-container-inner-blocks-wrap\">\n<div class=\"wp-block-uagb-image aligncenter uagb-block-6eb2bdca wp-block-uagb-image--layout-default wp-block-uagb-image--effect-static wp-block-uagb-image--align-center\"><figure class=\"wp-block-uagb-image__figure\"><img decoding=\"async\" srcset=\"https:\/\/estevezparra.com\/wp-content\/uploads\/2025\/08\/pexels-photo-8730998.jpeg ,https:\/\/estevezparra.com\/wp-content\/uploads\/2025\/08\/pexels-photo-8730998.jpeg 780w, https:\/\/estevezparra.com\/wp-content\/uploads\/2025\/08\/pexels-photo-8730998.jpeg 360w\" sizes=\"auto, (max-width: 480px) 150px\" src=\"https:\/\/estevezparra.com\/wp-content\/uploads\/2025\/08\/pexels-photo-8730998.jpeg\" alt=\"\" class=\"uag-image-9\" width=\"1200\" height=\"500\" title=\"\" loading=\"lazy\" role=\"img\"\/><\/figure><\/div>\n\n\n\n<div class=\"wp-block-uagb-container uagb-layout-grid uagb-block-dd53fd8f alignfull uagb-is-root-container\"><div class=\"uagb-container-inner-blocks-wrap\">\n<div class=\"wp-block-uagb-image uagb-block-6a4bb358 wp-block-uagb-image--layout-default wp-block-uagb-image--effect-static wp-block-uagb-image--align-none uag-blocks-common-selector\" style=\"--z-index-desktop:1;;--z-index-tablet:undefined;;--z-index-mobile:undefined;\"><figure class=\"wp-block-uagb-image__figure\"><img decoding=\"async\" srcset=\"https:\/\/estevezparra.com\/wp-content\/uploads\/2025\/08\/pexels-photo-7841451.jpeg ,https:\/\/estevezparra.com\/wp-content\/uploads\/2025\/08\/pexels-photo-7841451.jpeg 780w, https:\/\/estevezparra.com\/wp-content\/uploads\/2025\/08\/pexels-photo-7841451.jpeg 360w\" sizes=\"auto, (max-width: 480px) 150px\" src=\"https:\/\/estevezparra.com\/wp-content\/uploads\/2025\/08\/pexels-photo-7841451.jpeg\" alt=\"\" class=\"uag-image-11\" width=\"584\" height=\"500\" title=\"\" loading=\"lazy\" role=\"img\"\/><\/figure><\/div>\n\n\n\n<div class=\"wp-block-uagb-info-box uagb-block-1d6f9e3d uagb-infobox__content-wrap  uagb-infobox-icon-above-title uagb-infobox-image-valign-top wp-block-uagb-info-box--has-margin\"><div class=\"uagb-infobox-margin-wrapper\"><div class=\"uagb-ifb-content\"><div class=\"uagb-ifb-title-wrap\"><p class=\"uagb-ifb-title-prefix\">Nuestro proyecto<\/p><h2 class=\"uagb-ifb-title\">From Vision to Practice<\/h2><\/div><p class=\"uagb-ifb-desc\">A lo largo de los a\u00f1os, hemos pasado de ser un peque\u00f1o despacho especializado en asuntos transfronterizos a convertirnos en un socio legal de confianza para personas y empresas de todo el mundo.\nNuestra reputaci\u00f3n se ha construido sobre la base de la precisi\u00f3n, la transparencia y un compromiso firme con el \u00e9xito de nuestros clientes en cada etapa del camino.<\/p><\/div><\/div><\/div>\n<\/div><\/div>\n<\/div><\/div>\n\n\n\n<div class=\"wp-block-uagb-container uagb-block-e9e23282 alignfull uagb-is-root-container\"><div class=\"uagb-container-inner-blocks-wrap\">\n<div class=\"wp-block-uagb-advanced-heading uagb-block-acaf7796\"><h3 class=\"uagb-heading-text\">Nuestra visi\u00f3n<\/h3><p class=\"uagb-desc-text\">Ser el principal puente legal para personas y empresas internacionales que ingresan al mercado espa\u00f1ol\u2014ofreciendo un asesoramiento jur\u00eddico experto, accesible y multiling\u00fce que permita a nuestros clientes avanzar con claridad y confianza.<\/p><\/div>\n\n\n\n<div class=\"wp-block-uagb-advanced-heading uagb-block-a6d9b01a\"><h3 class=\"uagb-heading-text\">Nuestros objetivos<\/h3><p class=\"uagb-desc-text\">Nuestro objetivo es ofrecer servicios legales claros y personalizados que simplifiquen asuntos complejos para clientes nacionales e internacionales.\nNos enfocamos en la confianza, la accesibilidad y los resultados\u2014a trav\u00e9s de consultas flexibles y relaciones de colaboraci\u00f3n a largo plazo. A medida que crecemos, ampliamos nuestro alcance transfronterizo para apoyar a clientes en toda Espa\u00f1a y m\u00e1s all\u00e1.<\/p><\/div>\n<\/div><\/div>\n\n\n\n<div class=\"wp-block-uagb-container uagb-block-155dace3 alignfull uagb-is-root-container\">\n<div class=\"wp-block-uagb-container uagb-block-d578872b\"><\/div>\n\n\n\n<div class=\"wp-block-uagb-container uagb-block-05b6a593\">\n<div class=\"wp-block-uagb-info-box uagb-block-5a8f4d62 uagb-infobox__content-wrap  uagb-infobox-icon-above-title uagb-infobox-image-valign-top wp-block-uagb-info-box--has-margin\"><div class=\"uagb-infobox-margin-wrapper\"><div class=\"uagb-ifb-content\"><div class=\"uagb-ifb-title-wrap\"><h2 class=\"uagb-ifb-title\">\u00a1Contacte con nosotros para reservar su cita hoy mismo!<\/h2><\/div><div class=\"uagb-ifb-button-wrapper wp-block-button\"><a href=\"\/es\/shop\/\" class=\"uagb-infobox-cta-link wp-block-button__link\" target=\"_self\" rel=\"noopener noreferrer\" onclick=\"return true;\"><span class=\"uagb-inline-editing\">Reserve\nAhora<\/span><\/a><\/div><\/div><\/div><\/div>\n<\/div>\n<\/div>","protected":false},"excerpt":{"rendered":"<p>About Us At Estevez &amp; Parra, we are an international team of lawyers dedicated to helping individuals and companies succeed [&hellip;]<\/p>\n","protected":false},"author":1,"featured_media":0,"parent":0,"menu_order":0,"comment_status":"closed","ping_status":"closed","template":"","meta":{"_surecart_dashboard_logo_width":"180px","_surecart_dashboard_show_logo":true,"_surecart_dashboard_navigation_orders":true,"_surecart_dashboard_navigation_invoices":true,"_surecart_dashboard_navigation_subscriptions":true,"_surecart_dashboard_navigation_downloads":true,"_surecart_dashboard_navigation_billing":true,"_surecart_dashboard_navigation_account":true,"_uag_custom_page_level_css":"","site-sidebar-layout":"no-sidebar","site-content-layout":"","ast-site-content-layout":"normal-width-container","site-content-style":"default","site-sidebar-style":"default","ast-global-header-display":"","ast-banner-title-visibility":"","ast-main-header-display":"","ast-hfb-above-header-display":"","ast-hfb-below-header-display":"","ast-hfb-mobile-header-display":"","site-post-title":"disabled","ast-breadcrumbs-content":"","ast-featured-img":"","footer-sml-layout":"","ast-disable-related-posts":"","theme-transparent-header-meta":"enabled","adv-header-id-meta":"","stick-header-meta":"","header-above-stick-meta":"","header-main-stick-meta":"","header-below-stick-meta":"","astra-migrate-meta-layouts":"default","ast-page-background-enabled":"default","ast-page-background-meta":{"desktop":{"background-color":"var(--ast-global-color-4)","background-image":"","background-repeat":"repeat","background-position":"center center","background-size":"auto","background-attachment":"scroll","background-type":"","background-media":"","overlay-type":"","overlay-color":"","overlay-opacity":"","overlay-gradient":""},"tablet":{"background-color":"","background-image":"","background-repeat":"repeat","background-position":"center center","background-size":"auto","background-attachment":"scroll","background-type":"","background-media":"","overlay-type":"","overlay-color":"","overlay-opacity":"","overlay-gradient":""},"mobile":{"background-color":"","background-image":"","background-repeat":"repeat","background-position":"center center","background-size":"auto","background-attachment":"scroll","background-type":"","background-media":"","overlay-type":"","overlay-color":"","overlay-opacity":"","overlay-gradient":""}},"ast-content-background-meta":{"desktop":{"background-color":"var(--ast-global-color-5)","background-image":"","background-repeat":"repeat","background-position":"center center","background-size":"auto","background-attachment":"scroll","background-type":"","background-media":"","overlay-type":"","overlay-color":"","overlay-opacity":"","overlay-gradient":""},"tablet":{"background-color":"var(--ast-global-color-5)","background-image":"","background-repeat":"repeat","background-position":"center center","background-size":"auto","background-attachment":"scroll","background-type":"","background-media":"","overlay-type":"","overlay-color":"","overlay-opacity":"","overlay-gradient":""},"mobile":{"background-color":"var(--ast-global-color-5)","background-image":"","background-repeat":"repeat","background-position":"center center","background-size":"auto","background-attachment":"scroll","background-type":"","background-media":"","overlay-type":"","overlay-color":"","overlay-opacity":"","overlay-gradient":""}},"footnotes":""},"class_list":["post-900","page","type-page","status-publish","hentry"],"uagb_featured_image_src":{"full":false,"thumbnail":false,"medium":false,"medium_large":false,"large":false,"1536x1536":false,"2048x2048":false,"trp-custom-language-flag":false},"uagb_author_info":{"display_name":"xFaeiggGY5","author_link":"https:\/\/estevezparra.com\/es\/author\/xfaeigggy5\/"},"uagb_comment_info":0,"uagb_excerpt":"About Us At Estevez &amp; Parra, we are an international team of lawyers dedicated to helping individuals and companies succeed [&hellip;]","_links":{"self":[{"href":"https:\/\/estevezparra.com\/es\/wp-json\/wp\/v2\/pages\/900","targetHints":{"allow":["GET"]}}],"collection":[{"href":"https:\/\/estevezparra.com\/es\/wp-json\/wp\/v2\/pages"}],"about":[{"href":"https:\/\/estevezparra.com\/es\/wp-json\/wp\/v2\/types\/page"}],"author":[{"embeddable":true,"href":"https:\/\/estevezparra.com\/es\/wp-json\/wp\/v2\/users\/1"}],"replies":[{"embeddable":true,"href":"https:\/\/estevezparra.com\/es\/wp-json\/wp\/v2\/comments?post=900"}],"version-history":[{"count":5,"href":"https:\/\/estevezparra.com\/es\/wp-json\/wp\/v2\/pages\/900\/revisions"}],"predecessor-version":[{"id":5363,"href":"https:\/\/estevezparra.com\/es\/wp-json\/wp\/v2\/pages\/900\/revisions\/5363"}],"wp:attachment":[{"href":"https:\/\/estevezparra.com\/es\/wp-json\/wp\/v2\/media?parent=900"}],"curies":[{"name":"wp","href":"https:\/\/api.w.org\/{rel}","templated":true}]}}